{"id":600,"date":"2023-04-11T10:20:38","date_gmt":"2023-04-11T03:20:38","guid":{"rendered":"https:\/\/zitga.com.vn\/trang-chu\/"},"modified":"2025-01-17T11:49:33","modified_gmt":"2025-01-17T04:49:33","slug":"trang-chu","status":"publish","type":"page","link":"https:\/\/zitga.com.vn\/en\/","title":{"rendered":"Home"},"content":{"rendered":"","protected":false},"excerpt":{"rendered":"","protected":false},"author":2,"featured_media":0,"parent":0,"menu_order":0,"comment_status":"closed","ping_status":"closed","template":"page-template\/home-template.php","meta":{"inline_featured_image":false,"footnotes":""},"class_list":["post-600","page","type-page","status-publish","hentry"],"acf":[],"yoast_head":"<!-- This site is optimized with the Yoast SEO plugin v20.5 - https:\/\/yoast.com\/wordpress\/plugins\/seo\/ -->\n<title>Home - C\u00f4ng ty C\u1ed5 ph\u1ea7n Zitga Vi\u1ec7t Nam<\/title>\n<meta name=\"robots\" content=\"index, follow, max-snippet:-1, max-image-preview:large, max-video-preview:-1\" \/>\n<link rel=\"canonical\" href=\"https:\/\/zitga.com.vn\/en\/\" \/>\n<meta property=\"og:locale\" content=\"en_US\" \/>\n<meta property=\"og:type\" content=\"article\" \/>\n<meta property=\"og:title\" content=\"ZITGA STUDIO\" \/>\n<meta property=\"og:description\" content=\"C\u00f4ng ty c\u1ed5 ph\u1ea7n Zitga Vi\u1ec7t Nam l\u00e0 \u0111\u01a1n v\u1ecb s\u1ea3n xu\u1ea5t v\u00e0 ph\u00e1t h\u00e0nh tr\u00f2 ch\u01a1i \u0111i\u1ec7n t\u1eed tr\u00ean \u0111i\u1ec7n tho\u1ea1i di d\u1ed9ng, \u0111\u01b0\u1ee3c th\u00e0nh l\u1eadp t\u1eeb n\u0103m 2015, c\u00f3 2 tr\u1ee5 s\u1edf t\u1ea1i H\u00e0 N\u1ed9i v\u00e0 TP. HCM, Vi\u1ec7t Nam. Ch\u00fang t\u00f4i \u0111\u00e3 ra m\u1eaft 5 s\u1ea3n ph\u1ea9m tr\u00ean th\u1ecb tr\u01b0\u1eddng to\u00e0n c\u1ea7u: Stickman Legends, Empire Warriors, Shadow Knight, Summoners Era, Cyber Fighter v\u00e0 c\u00f3 63 tri\u1ec7u ng\u01b0\u1eddi ch\u01a1i t\u00ednh \u0111\u1ebfn th\u00e1ng 4 n\u0103m 2021.\" \/>\n<meta property=\"og:url\" content=\"https:\/\/zitga.com.vn\/en\/\" \/>\n<meta property=\"og:site_name\" content=\"C\u00f4ng ty C\u1ed5 ph\u1ea7n Zitga Vi\u1ec7t Nam\" \/>\n<meta property=\"article:modified_time\" content=\"2025-01-17T04:49:33+00:00\" \/>\n<meta property=\"og:image\" content=\"https:\/\/zitga.com.vn\/wp-content\/uploads\/2023\/04\/thumbnai_yoast-1024x631.png\" \/>\n\t<meta property=\"og:image:width\" content=\"1024\" \/>\n\t<meta property=\"og:image:height\" content=\"631\" \/>\n\t<meta property=\"og:image:type\" content=\"image\/png\" \/>\n<meta name=\"twitter:card\" content=\"summary_large_image\" \/>\n<meta name=\"twitter:title\" content=\"ZITGA STUDIO\" \/>\n<meta name=\"twitter:description\" content=\"C\u00f4ng ty c\u1ed5 ph\u1ea7n Zitga Vi\u1ec7t Nam l\u00e0 \u0111\u01a1n v\u1ecb s\u1ea3n xu\u1ea5t v\u00e0 ph\u00e1t h\u00e0nh tr\u00f2 ch\u01a1i \u0111i\u1ec7n t\u1eed tr\u00ean \u0111i\u1ec7n tho\u1ea1i di d\u1ed9ng, \u0111\u01b0\u1ee3c th\u00e0nh l\u1eadp t\u1eeb n\u0103m 2015, c\u00f3 2 tr\u1ee5 s\u1edf t\u1ea1i H\u00e0 N\u1ed9i v\u00e0 TP. HCM, Vi\u1ec7t Nam. Ch\u00fang t\u00f4i \u0111\u00e3 ra m\u1eaft 5 s\u1ea3n ph\u1ea9m tr\u00ean th\u1ecb tr\u01b0\u1eddng to\u00e0n c\u1ea7u: Stickman Legends, Empire Warriors, Shadow Knight, Summoners Era, Cyber Fighter v\u00e0 c\u00f3 63 tri\u1ec7u ng\u01b0\u1eddi ch\u01a1i t\u00ednh \u0111\u1ebfn th\u00e1ng 4 n\u0103m 2021.\" \/>\n<meta name=\"twitter:image\" content=\"https:\/\/zitga.com.vn\/wp-content\/uploads\/2023\/04\/thumbnai_yoast.png\" \/>\n<script type=\"application\/ld+json\" class=\"yoast-schema-graph\">{\"@context\":\"https:\/\/schema.org\",\"@graph\":[{\"@type\":\"WebPage\",\"@id\":\"https:\/\/zitga.com.vn\/en\/\",\"url\":\"https:\/\/zitga.com.vn\/en\/\",\"name\":\"Home - C\u00f4ng ty C\u1ed5 ph\u1ea7n Zitga Vi\u1ec7t Nam\",\"isPartOf\":{\"@id\":\"https:\/\/zitga.com.vn\/#website\"},\"datePublished\":\"2023-04-11T03:20:38+00:00\",\"dateModified\":\"2025-01-17T04:49:33+00:00\",\"breadcrumb\":{\"@id\":\"https:\/\/zitga.com.vn\/en\/#breadcrumb\"},\"inLanguage\":\"en-US\",\"potentialAction\":[{\"@type\":\"ReadAction\",\"target\":[\"https:\/\/zitga.com.vn\/en\/\"]}]},{\"@type\":\"BreadcrumbList\",\"@id\":\"https:\/\/zitga.com.vn\/en\/#breadcrumb\",\"itemListElement\":[{\"@type\":\"ListItem\",\"position\":1,\"name\":\"Trang ch\u1ee7\",\"item\":\"https:\/\/zitga.com.vn\/en\/\"},{\"@type\":\"ListItem\",\"position\":2,\"name\":\"Home\"}]},{\"@type\":\"WebSite\",\"@id\":\"https:\/\/zitga.com.vn\/#website\",\"url\":\"https:\/\/zitga.com.vn\/\",\"name\":\"C\u00f4ng ty C\u1ed5 ph\u1ea7n Zitga Vi\u1ec7t Nam\",\"description\":\"N\u00c2NG T\u1ea6M V\u1eca TH\u1ebe GAME VI\u1ec6T\",\"publisher\":{\"@id\":\"https:\/\/zitga.com.vn\/#organization\"},\"potentialAction\":[{\"@type\":\"SearchAction\",\"target\":{\"@type\":\"EntryPoint\",\"urlTemplate\":\"https:\/\/zitga.com.vn\/?s={search_term_string}\"},\"query-input\":\"required name=search_term_string\"}],\"inLanguage\":\"en-US\"},{\"@type\":\"Organization\",\"@id\":\"https:\/\/zitga.com.vn\/#organization\",\"name\":\"C\u00f4ng ty C\u1ed5 ph\u1ea7n Zitga Vi\u1ec7t Nam\",\"url\":\"https:\/\/zitga.com.vn\/\",\"logo\":{\"@type\":\"ImageObject\",\"inLanguage\":\"en-US\",\"@id\":\"https:\/\/zitga.com.vn\/#\/schema\/logo\/image\/\",\"url\":\"https:\/\/zitga.com.vn\/wp-content\/uploads\/2023\/06\/cropped-1head.jpg\",\"contentUrl\":\"https:\/\/zitga.com.vn\/wp-content\/uploads\/2023\/06\/cropped-1head.jpg\",\"width\":768,\"height\":356,\"caption\":\"C\u00f4ng ty C\u1ed5 ph\u1ea7n Zitga Vi\u1ec7t Nam\"},\"image\":{\"@id\":\"https:\/\/zitga.com.vn\/#\/schema\/logo\/image\/\"}}]}<\/script>\n<!-- \/ Yoast SEO plugin. -->","yoast_head_json":{"title":"Home - C\u00f4ng ty C\u1ed5 ph\u1ea7n Zitga Vi\u1ec7t Nam","robots":{"index":"index","follow":"follow","max-snippet":"max-snippet:-1","max-image-preview":"max-image-preview:large","max-video-preview":"max-video-preview:-1"},"canonical":"https:\/\/zitga.com.vn\/en\/","og_locale":"en_US","og_type":"article","og_title":"ZITGA STUDIO","og_description":"C\u00f4ng ty c\u1ed5 ph\u1ea7n Zitga Vi\u1ec7t Nam l\u00e0 \u0111\u01a1n v\u1ecb s\u1ea3n xu\u1ea5t v\u00e0 ph\u00e1t h\u00e0nh tr\u00f2 ch\u01a1i \u0111i\u1ec7n t\u1eed tr\u00ean \u0111i\u1ec7n tho\u1ea1i di d\u1ed9ng, \u0111\u01b0\u1ee3c th\u00e0nh l\u1eadp t\u1eeb n\u0103m 2015, c\u00f3 2 tr\u1ee5 s\u1edf t\u1ea1i H\u00e0 N\u1ed9i v\u00e0 TP. HCM, Vi\u1ec7t Nam. Ch\u00fang t\u00f4i \u0111\u00e3 ra m\u1eaft 5 s\u1ea3n ph\u1ea9m tr\u00ean th\u1ecb tr\u01b0\u1eddng to\u00e0n c\u1ea7u: Stickman Legends, Empire Warriors, Shadow Knight, Summoners Era, Cyber Fighter v\u00e0 c\u00f3 63 tri\u1ec7u ng\u01b0\u1eddi ch\u01a1i t\u00ednh \u0111\u1ebfn th\u00e1ng 4 n\u0103m 2021.","og_url":"https:\/\/zitga.com.vn\/en\/","og_site_name":"C\u00f4ng ty C\u1ed5 ph\u1ea7n Zitga Vi\u1ec7t Nam","article_modified_time":"2025-01-17T04:49:33+00:00","og_image":[{"width":1024,"height":631,"url":"https:\/\/zitga.com.vn\/wp-content\/uploads\/2023\/04\/thumbnai_yoast-1024x631.png","type":"image\/png"}],"twitter_card":"summary_large_image","twitter_title":"ZITGA STUDIO","twitter_description":"C\u00f4ng ty c\u1ed5 ph\u1ea7n Zitga Vi\u1ec7t Nam l\u00e0 \u0111\u01a1n v\u1ecb s\u1ea3n xu\u1ea5t v\u00e0 ph\u00e1t h\u00e0nh tr\u00f2 ch\u01a1i \u0111i\u1ec7n t\u1eed tr\u00ean \u0111i\u1ec7n tho\u1ea1i di d\u1ed9ng, \u0111\u01b0\u1ee3c th\u00e0nh l\u1eadp t\u1eeb n\u0103m 2015, c\u00f3 2 tr\u1ee5 s\u1edf t\u1ea1i H\u00e0 N\u1ed9i v\u00e0 TP. HCM, Vi\u1ec7t Nam. Ch\u00fang t\u00f4i \u0111\u00e3 ra m\u1eaft 5 s\u1ea3n ph\u1ea9m tr\u00ean th\u1ecb tr\u01b0\u1eddng to\u00e0n c\u1ea7u: Stickman Legends, Empire Warriors, Shadow Knight, Summoners Era, Cyber Fighter v\u00e0 c\u00f3 63 tri\u1ec7u ng\u01b0\u1eddi ch\u01a1i t\u00ednh \u0111\u1ebfn th\u00e1ng 4 n\u0103m 2021.","twitter_image":"https:\/\/zitga.com.vn\/wp-content\/uploads\/2023\/04\/thumbnai_yoast.png","schema":{"@context":"https:\/\/schema.org","@graph":[{"@type":"WebPage","@id":"https:\/\/zitga.com.vn\/en\/","url":"https:\/\/zitga.com.vn\/en\/","name":"Home - C\u00f4ng ty C\u1ed5 ph\u1ea7n Zitga Vi\u1ec7t Nam","isPartOf":{"@id":"https:\/\/zitga.com.vn\/#website"},"datePublished":"2023-04-11T03:20:38+00:00","dateModified":"2025-01-17T04:49:33+00:00","breadcrumb":{"@id":"https:\/\/zitga.com.vn\/en\/#breadcrumb"},"inLanguage":"en-US","potentialAction":[{"@type":"ReadAction","target":["https:\/\/zitga.com.vn\/en\/"]}]},{"@type":"BreadcrumbList","@id":"https:\/\/zitga.com.vn\/en\/#breadcrumb","itemListElement":[{"@type":"ListItem","position":1,"name":"Trang ch\u1ee7","item":"https:\/\/zitga.com.vn\/en\/"},{"@type":"ListItem","position":2,"name":"Home"}]},{"@type":"WebSite","@id":"https:\/\/zitga.com.vn\/#website","url":"https:\/\/zitga.com.vn\/","name":"C\u00f4ng ty C\u1ed5 ph\u1ea7n Zitga Vi\u1ec7t Nam","description":"N\u00c2NG T\u1ea6M V\u1eca TH\u1ebe GAME VI\u1ec6T","publisher":{"@id":"https:\/\/zitga.com.vn\/#organization"},"potentialAction":[{"@type":"SearchAction","target":{"@type":"EntryPoint","urlTemplate":"https:\/\/zitga.com.vn\/?s={search_term_string}"},"query-input":"required name=search_term_string"}],"inLanguage":"en-US"},{"@type":"Organization","@id":"https:\/\/zitga.com.vn\/#organization","name":"C\u00f4ng ty C\u1ed5 ph\u1ea7n Zitga Vi\u1ec7t Nam","url":"https:\/\/zitga.com.vn\/","logo":{"@type":"ImageObject","inLanguage":"en-US","@id":"https:\/\/zitga.com.vn\/#\/schema\/logo\/image\/","url":"https:\/\/zitga.com.vn\/wp-content\/uploads\/2023\/06\/cropped-1head.jpg","contentUrl":"https:\/\/zitga.com.vn\/wp-content\/uploads\/2023\/06\/cropped-1head.jpg","width":768,"height":356,"caption":"C\u00f4ng ty C\u1ed5 ph\u1ea7n Zitga Vi\u1ec7t Nam"},"image":{"@id":"https:\/\/zitga.com.vn\/#\/schema\/logo\/image\/"}}]}},"_links":{"self":[{"href":"https:\/\/zitga.com.vn\/en\/wp-json\/wp\/v2\/pages\/600","targetHints":{"allow":["GET"]}}],"collection":[{"href":"https:\/\/zitga.com.vn\/en\/wp-json\/wp\/v2\/pages"}],"about":[{"href":"https:\/\/zitga.com.vn\/en\/wp-json\/wp\/v2\/types\/page"}],"author":[{"embeddable":true,"href":"https:\/\/zitga.com.vn\/en\/wp-json\/wp\/v2\/users\/2"}],"replies":[{"embeddable":true,"href":"https:\/\/zitga.com.vn\/en\/wp-json\/wp\/v2\/comments?post=600"}],"version-history":[{"count":11,"href":"https:\/\/zitga.com.vn\/en\/wp-json\/wp\/v2\/pages\/600\/revisions"}],"predecessor-version":[{"id":1248,"href":"https:\/\/zitga.com.vn\/en\/wp-json\/wp\/v2\/pages\/600\/revisions\/1248"}],"wp:attachment":[{"href":"https:\/\/zitga.com.vn\/en\/wp-json\/wp\/v2\/media?parent=600"}],"curies":[{"name":"wp","href":"https:\/\/api.w.org\/{rel}","templated":true}]}}